{"id":424,"date":"2021-01-22T11:10:31","date_gmt":"2021-01-22T11:10:31","guid":{"rendered":"http:\/\/avblv.com\/?page_id=424"},"modified":"2022-01-31T10:29:33","modified_gmt":"2022-01-31T10:29:33","slug":"videoarte-instalaciones-audiovisuales-singulares-y-exclusivas","status":"publish","type":"page","link":"http:\/\/avblv.com\/index.php\/videoarte-instalaciones-audiovisuales-singulares-y-exclusivas\/","title":{"rendered":"Videoarte. Instalaciones audiovisuales singulares y exclusivas"},"content":{"rendered":"\n<div class=\"wp-block-image\"><figure class=\"alignleft size-large\"><img loading=\"lazy\" decoding=\"async\" width=\"1024\" height=\"681\" src=\"http:\/\/avblv.com\/wp-content\/uploads\/2021\/01\/B54BAB1-1024x681.jpg\" alt=\"Instalaci\u00f3n videoart\u00edstica Centro Interpretaci\u00f3n de la M\u00edstica. \u00c1vila.\" class=\"wp-image-189\" srcset=\"http:\/\/avblv.com\/wp-content\/uploads\/2021\/01\/B54BAB1-1024x681.jpg 1024w, http:\/\/avblv.com\/wp-content\/uploads\/2021\/01\/B54BAB1-300x200.jpg 300w, http:\/\/avblv.com\/wp-content\/uploads\/2021\/01\/B54BAB1-768x511.jpg 768w, http:\/\/avblv.com\/wp-content\/uploads\/2021\/01\/B54BAB1-1536x1022.jpg 1536w, http:\/\/avblv.com\/wp-content\/uploads\/2021\/01\/B54BAB1-2048x1363.jpg 2048w, http:\/\/avblv.com\/wp-content\/uploads\/2021\/01\/B54BAB1-272x182.jpg 272w\" sizes=\"(max-width: 1024px) 100vw, 1024px\" \/><figcaption>Instalaci\u00f3n videoart\u00edstica realizada por el colectivo BLV para el Centro de Interpretaci\u00f3n de la M\u00edstica. \u00c1vila.<\/figcaption><\/figure><\/div>\n\n\n\n<p><\/p>\n\n\n\n<p><strong>Igual que en el pasado palacios, sedes institucionales o residencias se adornaban con grandes frescos o pinturas en paredes, b\u00f3vedas y techos, <strong>hoy el audiovisual y todas sus posibilidades puede ocupar en parte esa misma funci\u00f3n<\/strong>. Con el paso de los a\u00f1os, aquellas obras de otro tiempo, se han convertido en objeto de admiraci\u00f3n y de valor creciente como puede ocurrir hoy con determinadas obras audiovisuales.<\/strong><br><\/p>\n\n\n\n<p>En otras \u00e9pocas, contar con obras de arte realizadas ex profeso para un determinado lugar no ten\u00eda s\u00f3lo una motivaci\u00f3n tendente a mostrar un determinado est\u00e1tus o singularizar un espacio f\u00edsico. Su creaci\u00f3n obedec\u00eda tambi\u00e9n a la necesidad de crear un entorno que facilitase la reflexi\u00f3n, la relajaci\u00f3n, el entendimiento o predisponer favorablemente al visitante con respecto a su anfitri\u00f3n. La instalaci\u00f3n audiovisual con caracter\u00edsticas art\u00edsticas puede cumplir todas o alguna de esas funciones.<\/p>\n\n\n\n<p>Los dispositivos tecnol\u00f3gicos actuales y sus posibilidades nos permiten hoy crear obras singulares casi autosuficientes, cambiantes, adaptables o inteligentes. Son mucho m\u00e1s que un elemento ornamental llamativo. Se convierten en parte de nuestra propia identidad, que nos define y proyecta al exterior, a los dem\u00e1s, una imagen de lo que somos o de lo queremos ser tal y como nos gustar\u00eda que nos percibiesen los dem\u00e1s. Adem\u00e1s, se puede constituir, si as\u00ed lo deseamos, en parte de un lugar especial que se construye de acuerdo a un determinado sentimiento o sensaci\u00f3n que queremos recrear cada vez que accedemos a la contemplaci\u00f3n de la obra realizada con un car\u00e1cter tan exclusivo, \u00fanico y diferente como lo eran las estancias de otras \u00e9pocas que hoy nos siguen maravillando y por las que recordamos a sus habitantes.<\/p>\n\n\n\n<p>Esa sensaci\u00f3n puede ser diferente con cada contemplaci\u00f3n, puesto que el audiovisual es cambiante por su propia naturaleza. En algunas obras descubrimos nuevas sensaciones, pareceres o ideas con cada visionado. Esa es una de las caracter\u00edsticas que diferencia el v\u00eddeoarte de otras artes y que lo hace tan especial y sugestivo.<\/p>\n\n\n\n<p>El propio montaje audiovisual puede ser tambi\u00e9n una excelente excusa para que un cliente o una persona visite nuestra residencia, instituci\u00f3n o instalaciones. Muchas de estas obras se convierten en ic\u00f3nicas por s\u00ed mismas, polo de atracci\u00f3n e inter\u00e9s que facilita o predispone favorablemente a acudir a un lugar determinado y hacerlo con un esp\u00edritu propicio, abierto y con expectativas positivas hacia quien as\u00ed lo recibe. Muestra, adem\u00e1s, una implicaci\u00f3n sincera de los habitantes y del lugar en su conjunto, personas que trabajan o viven all\u00ed y de las que transmite, al margen de las caracter\u00edsticas de la obra, un compromiso con los otros, con la capacidad de actuar, de tomar decisiones o de hacerlo de manera que tenga en cuenta a aquellos que contemplan la obra creada, transmitiendo subliminalmente un inter\u00e9s por compartir y recibir las inquietudes de los que llegan.<\/p>\n\n\n\n<p>Todas estas reflexiones te\u00f3ricas son aplicadas a diario y est\u00e1n contrastadas en estudios del comportamiento y sobre datos de efectividad y apreciaci\u00f3n que llegaron a mostrar una mejor\u00eda en el n\u00famero de impactos positivos en diferentes \u00e1reas estudiadas (emoci\u00f3n, impresi\u00f3n art\u00edstica, transmisi\u00f3n de conceptos, establecimiento de contactos y duraci\u00f3n de los mismos, consecuci\u00f3n de objetivos, imagen proyectada, nivel de confianza, etc.). De manera global, se estim\u00f3 en un m\u00ednimo significativo del 12%, lo que supone una importante mejora sobre los datos previos que, tambi\u00e9n de manera global, increment\u00f3 los resultados evaluables directamente sobre la situaci\u00f3n previa. <\/p>\n\n\n\n<p><\/p>\n\n\n\n<p><\/p>\n\n\n\n<h1 class=\"wp-block-heading\"><strong>Videoarte. Pel\u00edculas.<\/strong><\/h1>\n\n\n\n<p>A continuaci\u00f3n, incluimos una selecci\u00f3n de algunas obras de videoarte llevadas a cabo. Todas ellas se han realizado con banda de sonido original, compuesta espec\u00edficamente para la obra de videoarte o para la serie a la que pertenezca (m\u00fasica, efectos, recursos sonoros&#8230; Todos los derechos reservados). <\/p>\n\n\n\n<figure class=\"wp-block-embed is-type-video is-provider-youtube wp-block-embed-youtube wp-embed-aspect-16-9 wp-has-aspect-ratio\"><div class=\"wp-block-embed__wrapper\">\n<iframe loading=\"lazy\" title=\"Anxiety 0 60. Ansiedad 0.60  (Trailer - tr\u00e1iler)\" width=\"1440\" height=\"810\" src=\"https:\/\/www.youtube.com\/embed\/a_umDt5yVyA?feature=oembed\" frameborder=\"0\" allow=\"accelerometer; autoplay; clipboard-write; encrypted-media; gyroscope; picture-in-picture\" allowfullscreen><\/iframe>\n<\/div><figcaption>Videoarte nominado y seleccionado en los festivales especializados Film Arte y New York World Film Festival.<\/figcaption><\/figure>\n\n\n\n<figure class=\"wp-block-embed is-type-video is-provider-youtube wp-block-embed-youtube wp-embed-aspect-16-9 wp-has-aspect-ratio\"><div class=\"wp-block-embed__wrapper\">\n<iframe loading=\"lazy\" title=\"Singular 2 (Versi\u00f3n corta \/ Short version)\" width=\"1440\" height=\"810\" src=\"https:\/\/www.youtube.com\/embed\/N2hv61T825Y?feature=oembed\" frameborder=\"0\" allow=\"accelerometer; autoplay; clipboard-write; encrypted-media; gyroscope; picture-in-picture\" allowfullscreen><\/iframe>\n<\/div><figcaption>Singular 2. Serie Color.<\/figcaption><\/figure>\n\n\n\n<figure class=\"wp-block-embed is-type-video is-provider-youtube wp-block-embed-youtube wp-embed-aspect-16-9 wp-has-aspect-ratio\"><div class=\"wp-block-embed__wrapper\">\n<iframe loading=\"lazy\" title=\"Over the water (reduced version) \/ Sobre el agua (versi\u00f3n reducida).\" width=\"1440\" height=\"810\" src=\"https:\/\/www.youtube.com\/embed\/D5z1gsyzTqU?feature=oembed\" frameborder=\"0\" allow=\"accelerometer; autoplay; clipboard-write; encrypted-media; gyroscope; picture-in-picture\" allowfullscreen><\/iframe>\n<\/div><figcaption>Sobre el agua. Serie Color y Serie Agua.<\/figcaption><\/figure>\n\n\n\n<figure class=\"wp-block-embed is-type-video is-provider-youtube wp-block-embed-youtube wp-embed-aspect-16-9 wp-has-aspect-ratio\"><div class=\"wp-block-embed__wrapper\">\n<iframe loading=\"lazy\" title=\"Water - Composition 3 \/ Agua - Composici\u00f3n 3  (Short Version - Versi\u00f3n corta)\" width=\"1440\" height=\"810\" src=\"https:\/\/www.youtube.com\/embed\/RO8WRybKuvE?feature=oembed\" frameborder=\"0\" allow=\"accelerometer; autoplay; clipboard-write; encrypted-media; gyroscope; picture-in-picture\" allowfullscreen><\/iframe>\n<\/div><figcaption>Composici\u00f3n 3. Serie Agua. Textura l\u00edquida en movimiento.<\/figcaption><\/figure>\n\n\n\n<figure class=\"wp-block-embed is-type-video is-provider-youtube wp-block-embed-youtube wp-embed-aspect-16-9 wp-has-aspect-ratio\"><div class=\"wp-block-embed__wrapper\">\n<iframe loading=\"lazy\" title=\"Vulnerables \/ Vulnerable (Teaser)\" width=\"1440\" height=\"810\" src=\"https:\/\/www.youtube.com\/embed\/88MwJvD5giQ?feature=oembed\" frameborder=\"0\" allow=\"accelerometer; autoplay; clipboard-write; encrypted-media; gyroscope; picture-in-picture\" allowfullscreen><\/iframe>\n<\/div><figcaption>Vulnerables \/ Vulnerable<\/figcaption><\/figure>\n\n\n\n<figure class=\"wp-block-embed is-type-video is-provider-youtube wp-block-embed-youtube wp-embed-aspect-16-9 wp-has-aspect-ratio\"><div class=\"wp-block-embed__wrapper\">\n<iframe loading=\"lazy\" title=\"Part\u00edculas ardientes a (2013) -Trailer-\" width=\"1440\" height=\"810\" src=\"https:\/\/www.youtube.com\/embed\/QJdRGTj1TCc?feature=oembed\" frameborder=\"0\" allow=\"accelerometer; autoplay; clipboard-write; encrypted-media; gyroscope; picture-in-picture\" allowfullscreen><\/iframe>\n<\/div><figcaption>Serie Part\u00edculas ardientes.<\/figcaption><\/figure>\n\n\n\n<figure class=\"wp-block-embed is-type-video is-provider-youtube wp-block-embed-youtube wp-embed-aspect-16-9 wp-has-aspect-ratio\"><div class=\"wp-block-embed__wrapper\">\n<iframe loading=\"lazy\" title=\"M\u00edstica \/ Mysticism (2012)\" width=\"1440\" height=\"810\" src=\"https:\/\/www.youtube.com\/embed\/zEEe-Ulpla4?feature=oembed\" frameborder=\"0\" allow=\"accelerometer; autoplay; clipboard-write; encrypted-media; gyroscope; picture-in-picture\" allowfullscreen><\/iframe>\n<\/div><figcaption>M\u00edstica. Interpretaci\u00f3n on\u00edrica.<\/figcaption><\/figure>\n\n\n\n<figure class=\"wp-block-embed is-type-video is-provider-youtube wp-block-embed-youtube wp-embed-aspect-16-9 wp-has-aspect-ratio\"><div class=\"wp-block-embed__wrapper\">\n<iframe loading=\"lazy\" title=\"La mirada \/ The gaze (trailer)\" width=\"1440\" height=\"810\" src=\"https:\/\/www.youtube.com\/embed\/cQ7i3GXEC9I?feature=oembed\" frameborder=\"0\" allow=\"accelerometer; autoplay; clipboard-write; encrypted-media; gyroscope; picture-in-picture\" allowfullscreen><\/iframe>\n<\/div><figcaption>La mirada parte de la duda y de la interrogaci\u00f3n mediante la utilizaci\u00f3n de texturas y una banda sonora que marca<\/figcaption><\/figure>\n\n\n\n<figure class=\"wp-block-embed is-type-video is-provider-youtube wp-block-embed-youtube wp-embed-aspect-16-9 wp-has-aspect-ratio\"><div class=\"wp-block-embed__wrapper\">\n<iframe loading=\"lazy\" title=\"Cascade \/ Cascada (Short version - versi\u00f3n corta)\" width=\"1440\" height=\"810\" src=\"https:\/\/www.youtube.com\/embed\/KFtyzreWdy0?feature=oembed\" frameborder=\"0\" allow=\"accelerometer; autoplay; clipboard-write; encrypted-media; gyroscope; picture-in-picture\" allowfullscreen><\/iframe>\n<\/div><figcaption>Cascada. Serie Agua. M\u00fasica e imagen reinterpretan el sonido del l\u00edquido en una obra de car\u00e1cter figurativo y contemplativo.<\/figcaption><\/figure>\n\n\n\n<figure class=\"wp-block-embed is-type-video is-provider-youtube wp-block-embed-youtube wp-embed-aspect-16-9 wp-has-aspect-ratio\"><div class=\"wp-block-embed__wrapper\">\n<iframe loading=\"lazy\" title=\"Adyton\" width=\"1440\" height=\"810\" src=\"https:\/\/www.youtube.com\/embed\/Pubdy48DDV0?feature=oembed\" frameborder=\"0\" allow=\"accelerometer; autoplay; clipboard-write; encrypted-media; gyroscope; picture-in-picture\" allowfullscreen><\/iframe>\n<\/div><figcaption>Adyton. Obra a caballo entre el videoarte y el cine experimental.<\/figcaption><\/figure>\n","protected":false},"excerpt":{"rendered":"<p>Las instalaciones audiovisuales singulares, basadas en conceptos art\u00edsticos, tienen cada vez m\u00e1s presencia e importancia en espacios p\u00fablicos, instituciones, exposiciones, empresas o viviendas particulares. La singularidad y exclusividad de esta propuesta audiovisual enlaza directamente con las emociones y las percepciones m\u00e1s profundas. El coleccionismo y el mercado alrededor del mismo es otro de los aspectos inherentes al videoarte.<\/p>\n","protected":false},"author":2,"featured_media":0,"parent":0,"menu_order":1,"comment_status":"closed","ping_status":"closed","template":"","meta":{"footnotes":""},"class_list":["post-424","page","type-page","status-publish","hentry","no-thumb"],"_links":{"self":[{"href":"http:\/\/avblv.com\/index.php\/wp-json\/wp\/v2\/pages\/424"}],"collection":[{"href":"http:\/\/avblv.com\/index.php\/wp-json\/wp\/v2\/pages"}],"about":[{"href":"http:\/\/avblv.com\/index.php\/wp-json\/wp\/v2\/types\/page"}],"author":[{"embeddable":true,"href":"http:\/\/avblv.com\/index.php\/wp-json\/wp\/v2\/users\/2"}],"replies":[{"embeddable":true,"href":"http:\/\/avblv.com\/index.php\/wp-json\/wp\/v2\/comments?post=424"}],"version-history":[{"count":15,"href":"http:\/\/avblv.com\/index.php\/wp-json\/wp\/v2\/pages\/424\/revisions"}],"predecessor-version":[{"id":688,"href":"http:\/\/avblv.com\/index.php\/wp-json\/wp\/v2\/pages\/424\/revisions\/688"}],"wp:attachment":[{"href":"http:\/\/avblv.com\/index.php\/wp-json\/wp\/v2\/media?parent=424"}],"curies":[{"name":"wp","href":"https:\/\/api.w.org\/{rel}","templated":true}]}}