{"id":41,"date":"2021-01-12T17:51:25","date_gmt":"2021-01-12T17:51:25","guid":{"rendered":"http:\/\/avblv.com\/?page_id=41"},"modified":"2023-09-19T20:13:50","modified_gmt":"2023-09-19T20:13:50","slug":"audiovisuales","status":"publish","type":"page","link":"https:\/\/avblv.com\/","title":{"rendered":"Soluciones y propuestas audiovisuales"},"content":{"rendered":"\r\n<div class=\"is-layout-flow wp-block-group-is-layout-flow\"><div class=\"wp-block-group__inner-container\"><img loading=\"lazy\" decoding=\"async\" class=\"aligncenter wp-image-756 size-full\" src=\"http:\/\/avblv.com\/wp-content\/uploads\/2023\/01\/BANNER-PALMARES-FULL.jpg\" alt=\"\" width=\"1417\" height=\"788\" srcset=\"https:\/\/avblv.com\/wp-content\/uploads\/2023\/01\/BANNER-PALMARES-FULL.jpg 1417w, https:\/\/avblv.com\/wp-content\/uploads\/2023\/01\/BANNER-PALMARES-FULL-300x167.jpg 300w, https:\/\/avblv.com\/wp-content\/uploads\/2023\/01\/BANNER-PALMARES-FULL-1024x569.jpg 1024w, https:\/\/avblv.com\/wp-content\/uploads\/2023\/01\/BANNER-PALMARES-FULL-768x427.jpg 768w\" sizes=\"(max-width: 1417px) 100vw, 1417px\" \/><\/div>\r\n<div class=\"wp-block-group\">\r\n<figure class=\"wp-block-embed is-type-video is-provider-youtube wp-block-embed-youtube wp-embed-aspect-16-9 wp-has-aspect-ratio\">\r\n<div class=\"wp-block-embed__wrapper\" style=\"text-align: center;\"><a href=\"https:\/\/www.youtube.com\/watch?v=A-6kCNfinX4\">Demo reel BLV<\/a><\/div>\r\n<\/figure>\r\n<\/div><\/div>\r\n\r\n\r\n\r\n<p class=\"has-text-align-center\" style=\"text-align: left;\"><strong>BLV, edici\u00f3n y gesti\u00f3n audiovisual<\/strong>, nace en el a\u00f1o 2004 con el apoyo y la direcci\u00f3n de diferentes profesionales especializados en la creaci\u00f3n, producci\u00f3n y realizaci\u00f3n de trabajos y servicios audiovisuales de todo tipo, particularmente los de car\u00e1cter cultural, divulgativo, documental, promocional y corporativo. <br \/>Nuestra amplia experiencia hace posible crear equipos de trabajo especializados en cada uno de los procesos necesarios para la ejecuci\u00f3n de cualquier obra audiovisual, incluidas las relacionadas con nuevas tecnolog\u00edas, redes, web o instalaciones singulares.<\/p>\r\n<p style=\"text-align: left;\">BLV, edici\u00f3n y gesti\u00f3n audiovisual ha realizado cientos de documentales, interactivos y audiovisuales, algunos de los cuales han obtenido importantes reconocimientos en festivales internacionales. Gestionamos o realizamos el proyecto completo o participamos en alguna de sus fases (guion, edici\u00f3n, grabaci\u00f3n, contenidos, programaci\u00f3n, asesor\u00eda, conceptualizaci\u00f3n, dise\u00f1o, anteproyecto, sonido&#8230;).<\/p>\r\n<p>Estaremos encantados de estudiar y valorar cualquier tipo de proyecto. Para consultas o comentarios, puedes hacerlo a trav\u00e9s de la secci\u00f3n CONTACTO.<\/p>\r\n\r\n\r\n","protected":false},"excerpt":{"rendered":"<p>Desde el a\u00f1o 2004, BLV, edici\u00f3n y gesti\u00f3n audiovisual ha realizado cientos de documentales, interactivos y audiovisuales, algunos de los cuales han obtenido importantes reconocimientos en festivales internacionales. Gestionamos o realizamos el proyecto completo o participamos en alguna de sus fases (guion, edici\u00f3n, grabaci\u00f3n, contenidos, programaci\u00f3n, asesor\u00eda, conceptualizaci\u00f3n, dise\u00f1o, anteproyecto, sonido&#8230;).<\/p>\n","protected":false},"author":2,"featured_media":36,"parent":0,"menu_order":5,"comment_status":"closed","ping_status":"closed","template":"grid.php","meta":{"footnotes":""},"class_list":["post-41","page","type-page","status-publish","has-post-thumbnail","hentry","has-thumb"],"_links":{"self":[{"href":"https:\/\/avblv.com\/index.php\/wp-json\/wp\/v2\/pages\/41"}],"collection":[{"href":"https:\/\/avblv.com\/index.php\/wp-json\/wp\/v2\/pages"}],"about":[{"href":"https:\/\/avblv.com\/index.php\/wp-json\/wp\/v2\/types\/page"}],"author":[{"embeddable":true,"href":"https:\/\/avblv.com\/index.php\/wp-json\/wp\/v2\/users\/2"}],"replies":[{"embeddable":true,"href":"https:\/\/avblv.com\/index.php\/wp-json\/wp\/v2\/comments?post=41"}],"version-history":[{"count":45,"href":"https:\/\/avblv.com\/index.php\/wp-json\/wp\/v2\/pages\/41\/revisions"}],"predecessor-version":[{"id":773,"href":"https:\/\/avblv.com\/index.php\/wp-json\/wp\/v2\/pages\/41\/revisions\/773"}],"wp:featuredmedia":[{"embeddable":true,"href":"https:\/\/avblv.com\/index.php\/wp-json\/wp\/v2\/media\/36"}],"wp:attachment":[{"href":"https:\/\/avblv.com\/index.php\/wp-json\/wp\/v2\/media?parent=41"}],"curies":[{"name":"wp","href":"https:\/\/api.w.org\/{rel}","templated":true}]}}